{"id":8708,"date":"2023-05-31T08:59:42","date_gmt":"2023-05-31T08:59:42","guid":{"rendered":"https:\/\/www.victoriakliniken.com\/faq\/"},"modified":"2026-01-12T13:04:24","modified_gmt":"2026-01-12T13:04:24","slug":"faq","status":"publish","type":"page","link":"https:\/\/www.victoriakliniken.com\/en\/faq\/","title":{"rendered":"FAQ"},"content":{"rendered":"<p>[et_pb_section fb_built=&#8221;1&#8243; specialty=&#8221;on&#8221; custom_padding_last_edited=&#8221;on|desktop&#8221; background_color_1=&#8221;RGBA(255,255,255,0)&#8221; background_color_2=&#8221;RGBA(255,255,255,0)&#8221; padding_top_1=&#8221;0px&#8221; padding_top_2=&#8221;0px&#8221; padding_bottom_1=&#8221;0px&#8221; padding_bottom_2=&#8221;0px&#8221; padding_top_bottom_link_1=&#8221;false&#8221; padding_top_bottom_link_2=&#8221;false&#8221; padding_left_right_link_1=&#8221;false&#8221; padding_left_right_link_2=&#8221;false&#8221; _builder_version=&#8221;4.22.2&#8243; _module_preset=&#8221;default&#8221; background_color=&#8221;#f6f4ef&#8221; custom_margin=&#8221;0px||0px||false|false&#8221; custom_padding=&#8221;4rem||4rem||false|false&#8221; custom_padding_tablet=&#8221;0rem||||false|false&#8221; custom_padding_phone=&#8221;0rem||||false|false&#8221; da_disable_devices=&#8221;off|off|off&#8221; global_colors_info=&#8221;{}&#8221; da_is_popup=&#8221;off&#8221; da_exit_intent=&#8221;off&#8221; da_has_close=&#8221;on&#8221; da_alt_close=&#8221;off&#8221; da_dark_close=&#8221;off&#8221; da_not_modal=&#8221;on&#8221; da_is_singular=&#8221;off&#8221; da_with_loader=&#8221;off&#8221; da_has_shadow=&#8221;on&#8221;][et_pb_column type=&#8221;1_2&#8243; specialty_columns=&#8221;2&#8243; _builder_version=&#8221;4.16&#8243; custom_padding=&#8221;|||&#8221; global_colors_info=&#8221;{}&#8221; custom_padding__hover=&#8221;|||&#8221;][et_pb_row_inner module_class=&#8221;pa-inline-buttons&#8221; _builder_version=&#8221;4.22.2&#8243; _module_preset=&#8221;default&#8221; custom_padding=&#8221;3px||2px|||&#8221; global_colors_info=&#8221;{}&#8221;][et_pb_column_inner saved_specialty_column_type=&#8221;1_2&#8243; _builder_version=&#8221;4.22.2&#8243; _module_preset=&#8221;default&#8221; global_colors_info=&#8221;{}&#8221;][et_pb_text _builder_version=&#8221;4.23.1&#8243; _module_preset=&#8221;default&#8221; header_text_color=&#8221;#000000&#8243; header_font_size=&#8221;3.5rem&#8221; max_width=&#8221;100%&#8221; max_width_tablet=&#8221;100%&#8221; max_width_phone=&#8221;100%&#8221; max_width_last_edited=&#8221;on|desktop&#8221; custom_padding=&#8221;0rem||||false|false&#8221; custom_padding_tablet=&#8221;4rem||||false|false&#8221; custom_padding_phone=&#8221;3rem||||false|false&#8221; custom_padding_last_edited=&#8221;on|desktop&#8221; header_font_size_tablet=&#8221;3.5rem&#8221; header_font_size_phone=&#8221;2.8rem&#8221; header_font_size_last_edited=&#8221;on|desktop&#8221; global_colors_info=&#8221;{}&#8221;]<\/p>\n<h1>FAQ<\/h1>\n<p>[\/et_pb_text][et_pb_text _builder_version=&#8221;4.23.1&#8243; _module_preset=&#8221;default&#8221; text_font=&#8221;|300|||||||&#8221; text_text_color=&#8221;#000000&#8243; text_font_size=&#8221;1.2rem&#8221; text_line_height=&#8221;1.8rem&#8221; width=&#8221;100%&#8221; width_tablet=&#8221;&#8221; width_phone=&#8221;100%&#8221; width_last_edited=&#8221;on|desktop&#8221; max_width=&#8221;100%&#8221; max_width_tablet=&#8221;100%&#8221; max_width_phone=&#8221;100%&#8221; max_width_last_edited=&#8221;on|desktop&#8221; text_font_size_tablet=&#8221;1.2rem&#8221; text_font_size_phone=&#8221;1rem&#8221; text_font_size_last_edited=&#8221;on|desktop&#8221; global_colors_info=&#8221;{}&#8221;]<\/p>\n<p><span>Here you can find answers to some frequently asked questions. You are, of course, welcome to contact us with your own questions! <\/span><\/p>\n<p>[\/et_pb_text][et_pb_button button_url=&#8221;https:\/\/www.victoriakliniken.com\/en\/book-now\/&#8221; url_new_window=&#8221;on&#8221; button_text=&#8221;Book now&#8221; _builder_version=&#8221;4.22.2&#8243; _module_preset=&#8221;default&#8221; custom_button=&#8221;on&#8221; button_text_size=&#8221;1rem&#8221; button_text_color=&#8221;#000000&#8243; button_bg_color=&#8221;#e2dac7&#8243; button_border_width=&#8221;0px&#8221; button_border_color=&#8221;#383838&#8243; button_border_radius=&#8221;1px&#8221; button_font=&#8221;|300||on|||||&#8221; custom_margin=&#8221;||||false|false&#8221; custom_margin_tablet=&#8221;|20px|||false|false&#8221; custom_margin_phone=&#8221;|0px|||false|false&#8221; custom_margin_last_edited=&#8221;on|desktop&#8221; custom_padding=&#8221;||||false|false&#8221; button_text_size_tablet=&#8221;1rem&#8221; button_text_size_phone=&#8221;0.9rem&#8221; button_text_size_last_edited=&#8221;on|desktop&#8221; custom_css_before=&#8221;display: flex;&#8221; global_colors_info=&#8221;{}&#8221; custom_css_before_last_edited=&#8221;on|desktop&#8221; custom_css_before_tablet=&#8221;display: flex;&#8221; custom_css_before_phone=&#8221;display: flex;&#8221;][\/et_pb_button][et_pb_button button_url=&#8221;https:\/\/www.victoriakliniken.com\/en\/before-and-after-pictures\/&#8221; url_new_window=&#8221;on&#8221; button_text=&#8221;Before and after pictures&#8221; _builder_version=&#8221;4.22.2&#8243; _module_preset=&#8221;default&#8221; custom_button=&#8221;on&#8221; button_text_size=&#8221;1rem&#8221; button_text_color=&#8221;#000000&#8243; button_bg_color=&#8221;#e2dac7&#8243; button_border_width=&#8221;0px&#8221; button_border_color=&#8221;#383838&#8243; button_border_radius=&#8221;1px&#8221; button_font=&#8221;|300||on|||||&#8221; custom_margin=&#8221;|||1rem|false|false&#8221; custom_margin_tablet=&#8221;|||0.5rem|false|false&#8221; custom_margin_phone=&#8221;|||0.5rem|false|false&#8221; custom_margin_last_edited=&#8221;on|desktop&#8221; custom_padding=&#8221;|||0.8rem|false|false&#8221; button_text_size_tablet=&#8221;1rem&#8221; button_text_size_phone=&#8221;0.9rem&#8221; button_text_size_last_edited=&#8221;on|desktop&#8221; custom_css_before=&#8221;display: flex;&#8221; global_colors_info=&#8221;{}&#8221;][\/et_pb_button][\/et_pb_column_inner][\/et_pb_row_inner][\/et_pb_column][et_pb_column type=&#8221;1_2&#8243; _builder_version=&#8221;4.16&#8243; custom_padding=&#8221;|||&#8221; global_colors_info=&#8221;{}&#8221; custom_padding__hover=&#8221;|||&#8221;][et_pb_image src=&#8221;https:\/\/www.victoriakliniken.com\/wp-content\/uploads\/2025\/06\/JS2_1-scaled.jpg&#8221; alt=&#8221;FAQ&#8221; title_text=&#8221;FAQ&#8221; align=&#8221;center&#8221; align_tablet=&#8221;left&#8221; align_phone=&#8221;center&#8221; align_last_edited=&#8221;on|desktop&#8221; _builder_version=&#8221;4.27.4&#8243; _module_preset=&#8221;default&#8221; background_color=&#8221;#000000&#8243; z_index=&#8221;5&#8243; max_width=&#8221;100%&#8221; max_width_tablet=&#8221;46%&#8221; max_width_phone=&#8221;100%&#8221; max_width_last_edited=&#8221;on|desktop&#8221; border_color_all=&#8221;#D3C4AD&#8221; box_shadow_style=&#8221;preset5&#8243; box_shadow_horizontal=&#8221;19px&#8221; box_shadow_vertical=&#8221;16px&#8221; box_shadow_spread=&#8221;7px&#8221; box_shadow_color=&#8221;#e2dac7&#8243; box_shadow_spread_tablet=&#8221;7px&#8221; box_shadow_spread_phone=&#8221;4px&#8221; box_shadow_spread_last_edited=&#8221;on|desktop&#8221; global_colors_info=&#8221;{}&#8221;][\/et_pb_image][\/et_pb_column][\/et_pb_section][et_pb_section fb_built=&#8221;1&#8243; custom_padding_last_edited=&#8221;on|desktop&#8221; _builder_version=&#8221;4.21.0&#8243; _module_preset=&#8221;default&#8221; custom_padding=&#8221;7rem||7rem||false|false&#8221; custom_padding_tablet=&#8221;5rem||5rem||false|false&#8221; custom_padding_phone=&#8221;3rem||3rem||false|false&#8221; da_disable_devices=&#8221;off|off|off&#8221; global_colors_info=&#8221;{}&#8221; da_is_popup=&#8221;off&#8221; da_exit_intent=&#8221;off&#8221; da_has_close=&#8221;on&#8221; da_alt_close=&#8221;off&#8221; da_dark_close=&#8221;off&#8221; da_not_modal=&#8221;on&#8221; da_is_singular=&#8221;off&#8221; da_with_loader=&#8221;off&#8221; da_has_shadow=&#8221;on&#8221;][et_pb_row _builder_version=&#8221;4.21.0&#8243; _module_preset=&#8221;default&#8221; global_colors_info=&#8221;{}&#8221;][et_pb_column type=&#8221;4_4&#8243; _builder_version=&#8221;4.21.0&#8243; _module_preset=&#8221;default&#8221; global_colors_info=&#8221;{}&#8221;][et_pb_text _builder_version=&#8221;4.23.1&#8243; _module_preset=&#8221;default&#8221; header_2_font=&#8221;||on||||||&#8221; header_2_font_size=&#8221;2.7rem&#8221; custom_margin=&#8221;||-1px|||&#8221; header_2_font_size_tablet=&#8221;&#8221; header_2_font_size_phone=&#8221;2.2rem&#8221; header_2_font_size_last_edited=&#8221;on|desktop&#8221; global_colors_info=&#8221;{}&#8221;]<\/p>\n<h2 class=\"accordion__title \">Frequently Asked Questions<\/h2>\n<p>[\/et_pb_text][et_pb_accordion open_toggle_background_color=&#8221;RGBA(255,255,255,0)&#8221; closed_toggle_background_color=&#8221;RGBA(255,255,255,0)&#8221; toggle_icon=&#8221;&#x33;||divi||400&#8243; icon_color=&#8221;#A66D53&#8243; use_icon_font_size=&#8221;on&#8221; icon_font_size=&#8221;41px&#8221; icon_font_size_tablet=&#8221;41px&#8221; icon_font_size_phone=&#8221;33px&#8221; icon_font_size_last_edited=&#8221;on|desktop&#8221; _builder_version=&#8221;4.27.4&#8243; _module_preset=&#8221;default&#8221; toggle_font_size=&#8221;1.8rem&#8221; closed_toggle_font_size=&#8221;1.8rem&#8221; custom_margin=&#8221;0px||0px||false|false&#8221; custom_padding=&#8221;0px||0px||false|false&#8221; hover_enabled=&#8221;0&#8243; toggle_font_size_tablet=&#8221;1.8rem&#8221; toggle_font_size_phone=&#8221;1.6rem&#8221; toggle_font_size_last_edited=&#8221;on|desktop&#8221; closed_toggle_font_size_tablet=&#8221;1.8rem&#8221; closed_toggle_font_size_phone=&#8221;1.6rem&#8221; closed_toggle_font_size_last_edited=&#8221;on|desktop&#8221; border_width_all=&#8221;0px&#8221; border_width_bottom=&#8221;1px&#8221; global_colors_info=&#8221;{}&#8221; sticky_enabled=&#8221;0&#8243;][et_pb_accordion_item open=&#8221;on&#8221; _builder_version=&#8221;4.23.1&#8243; _module_preset=&#8221;default&#8221; body_font=&#8221;|300|||||||&#8221; body_font_size=&#8221;1.1rem&#8221; custom_margin=&#8221;5px||0px||false|false&#8221; custom_padding=&#8221;1rem||1rem||true|false&#8221; custom_padding_tablet=&#8221;1rem||1rem||true|false&#8221; custom_padding_phone=&#8221;1rem||1rem||true|false&#8221; custom_padding_last_edited=&#8221;on|desktop&#8221; body_font_size_tablet=&#8221;1.1rem&#8221; body_font_size_phone=&#8221;1rem&#8221; body_font_size_last_edited=&#8221;on|desktop&#8221; global_colors_info=&#8221;{}&#8221; toggle_font_size=&#8221;2.3rem&#8221; toggle_font_size_tablet=&#8221;2.3rem&#8221; toggle_font_size_phone=&#8221;2rem&#8221; toggle_font_size_last_edited=&#8221;on|desktop&#8221;][\/et_pb_accordion_item][et_pb_accordion_item title=&#8221;What are the risks associated with surgery?&#8221; _builder_version=&#8221;4.27.4&#8243; _module_preset=&#8221;default&#8221; body_font=&#8221;|300|||||||&#8221; body_font_size=&#8221;1.1rem&#8221; custom_margin=&#8221;5px||0px||false|false&#8221; custom_padding=&#8221;1rem||1rem||true|false&#8221; custom_padding_tablet=&#8221;1rem||1rem||true|false&#8221; custom_padding_phone=&#8221;1rem||1rem||true|false&#8221; custom_padding_last_edited=&#8221;on|desktop&#8221; body_font_size_tablet=&#8221;1.1rem&#8221; body_font_size_phone=&#8221;1rem&#8221; body_font_size_last_edited=&#8221;on|desktop&#8221; global_colors_info=&#8221;{}&#8221; toggle_font_size=&#8221;1.8rem&#8221; closed_toggle_font_size=&#8221;1.5rem&#8221; toggle_font_size_tablet=&#8221;1.8rem&#8221; toggle_font_size_phone=&#8221;1.6rem&#8221; toggle_font_size_last_edited=&#8221;on|desktop&#8221; closed_toggle_font_size_tablet=&#8221;1.5rem&#8221; closed_toggle_font_size_phone=&#8221;1.3rem&#8221; closed_toggle_font_size_last_edited=&#8221;on|desktop&#8221; open=&#8221;off&#8221;]<\/p>\n<div>\n<div><span><\/span><\/div>\n<div><span>All surgical procedures come with risks. The most common are bleeding, infection, sensory changes, or visible scars. However, we have minimized these risks based on our established routines before, during, and after your surgery, drawing from the extensive experience of our surgeons. According to our doctors, the greatest risk is aesthetic: that patients may have unrealistic expectations. Therefore, the conversation between you as a patient and our surgeons is crucial. The art lies in finding a balance between your expectations and your biological conditions. If communication is clear and the bar is set at the right level, you will most likely be satisfied. For us at Victoriakliniken, patient safety and comfort are our top priorities; therefore, we have a follow-up and guarantee program. Moreover, the staff at the clinic are very experienced. During anesthesia, you are monitored by highly experienced thoracic anesthesiologists and anesthesia nurses who check your vitals using the latest anesthesia and monitoring equipment to ensure your well-being. After the surgery, you will usually stay overnight, and our nurses will continuously check that you are doing well.          <\/span><\/div>\n<div><\/div>\n<\/div>\n<div><\/div>\n<p>[\/et_pb_accordion_item][et_pb_accordion_item title=&#8221;What does a consultation cost?&#8221; _builder_version=&#8221;4.27.4&#8243; _module_preset=&#8221;default&#8221; body_font=&#8221;|300|||||||&#8221; body_font_size=&#8221;1.1rem&#8221; custom_margin=&#8221;5px||0px||false|false&#8221; custom_padding=&#8221;1rem||1rem||true|false&#8221; custom_padding_tablet=&#8221;1rem||1rem||true|false&#8221; custom_padding_phone=&#8221;1rem||1rem||true|false&#8221; custom_padding_last_edited=&#8221;on|desktop&#8221; body_font_size_tablet=&#8221;1.1rem&#8221; body_font_size_phone=&#8221;1rem&#8221; body_font_size_last_edited=&#8221;on|desktop&#8221; global_colors_info=&#8221;{}&#8221; toggle_font_size=&#8221;2.3rem&#8221; toggle_font_size_tablet=&#8221;2.3rem&#8221; toggle_font_size_phone=&#8221;2rem&#8221; toggle_font_size_last_edited=&#8221;on|desktop&#8221; open=&#8221;off&#8221;]<\/p>\n<p>&nbsp;<\/p>\n<p>To give you the best possible recommendation, we tailor every treatment to your individual needs and conditions. A consultation with one of our specialists costs SEK 900 and is an important first step in your journey with us.<br data-start=\"369\" data-end=\"372\">Consultations for hair transplantation are free of charge. <\/p>\n<p>[\/et_pb_accordion_item][et_pb_accordion_item title=&#8221;What does a surgery cost at Victoriakliniken?&#8221; _builder_version=&#8221;4.27.4&#8243; _module_preset=&#8221;default&#8221; body_font=&#8221;|300|||||||&#8221; body_font_size=&#8221;1.1rem&#8221; custom_margin=&#8221;5px||0px||false|false&#8221; custom_padding=&#8221;1rem||1rem||true|false&#8221; custom_padding_tablet=&#8221;1rem||1rem||true|false&#8221; custom_padding_phone=&#8221;1rem||1rem||true|false&#8221; custom_padding_last_edited=&#8221;on|desktop&#8221; body_font_size_tablet=&#8221;1.1rem&#8221; body_font_size_phone=&#8221;1rem&#8221; body_font_size_last_edited=&#8221;on|desktop&#8221; global_colors_info=&#8221;{}&#8221; toggle_font_size=&#8221;1.8rem&#8221; closed_toggle_font_size=&#8221;1.5rem&#8221; toggle_font_size_tablet=&#8221;1.8rem&#8221; toggle_font_size_phone=&#8221;1.6rem&#8221; toggle_font_size_last_edited=&#8221;on|desktop&#8221; closed_toggle_font_size_tablet=&#8221;1.5rem&#8221; closed_toggle_font_size_phone=&#8221;1.3rem&#8221; closed_toggle_font_size_last_edited=&#8221;on|desktop&#8221; open=&#8221;off&#8221;]<\/p>\n<div>\n<p><span><br \/>At Victoriakliniken, all prices in our price list are indicative prices. This means that you will receive your exact price during your consultation with your surgeon, as all patients have different conditions. <\/span><span><o:p><\/o:p><\/span><\/p>\n<\/div>\n<div><\/div>\n<p>[\/et_pb_accordion_item][et_pb_accordion_item title=&#8221;What is included in Victoriakliniken&apos;s security guarantee?&#8221; _builder_version=&#8221;4.27.4&#8243; _module_preset=&#8221;default&#8221; body_font=&#8221;|300|||||||&#8221; body_font_size=&#8221;1.1rem&#8221; custom_margin=&#8221;5px||0px||false|false&#8221; custom_padding=&#8221;1rem||1rem||true|false&#8221; custom_padding_tablet=&#8221;1rem||1rem||true|false&#8221; custom_padding_phone=&#8221;1rem||1rem||true|false&#8221; custom_padding_last_edited=&#8221;on|desktop&#8221; body_font_size_tablet=&#8221;1.1rem&#8221; body_font_size_phone=&#8221;1rem&#8221; body_font_size_last_edited=&#8221;on|desktop&#8221; global_colors_info=&#8221;{}&#8221; toggle_font_size=&#8221;1.8rem&#8221; closed_toggle_font_size=&#8221;1.5rem&#8221; toggle_font_size_tablet=&#8221;1.8rem&#8221; toggle_font_size_phone=&#8221;1.6rem&#8221; toggle_font_size_last_edited=&#8221;on|desktop&#8221; closed_toggle_font_size_tablet=&#8221;1.5rem&#8221; closed_toggle_font_size_phone=&#8221;1.3rem&#8221; closed_toggle_font_size_last_edited=&#8221;on|desktop&#8221; open=&#8221;off&#8221;]<\/p>\n<p style=\"font-weight: 400;\">\n<p style=\"font-weight: 400;\">At Victoriakliniken, we take full responsibility for your surgery, both in the long and short term. For a breast surgery with us, the following is always included: <\/p>\n<p style=\"font-weight: 400;\">\u2022 10 years of free follow-up for your implants with ultrasound.<\/p>\n<p style=\"font-weight: 400;\">\u2022 5-year warranty against complications at no additional cost.<\/p>\n<p style=\"font-weight: 400;\">\u2022 At least one overnight stay.<\/p>\n<p style=\"font-weight: 400;\">\u2022 Access to emergency care 24\/7.<\/p>\n<p style=\"font-weight: 400;\">\u2022 Free follow-up visits.<\/p>\n<p style=\"font-weight: 400;\">\u2022 Medications.<\/p>\n<p style=\"font-weight: 400;\">\u2022 Direct contact with your surgeon after your return home.<\/p>\n<p style=\"font-weight: 400;\">\u2022 Compression bra.<\/p>\n<p>[\/et_pb_accordion_item][et_pb_accordion_item title=&#8221;Are there any financing options for surgeries with you?&#8221; _builder_version=&#8221;4.27.4&#8243; _module_preset=&#8221;default&#8221; body_font=&#8221;|300|||||||&#8221; body_font_size=&#8221;1.1rem&#8221; custom_margin=&#8221;5px||0px||false|false&#8221; custom_padding=&#8221;1rem||1rem||true|false&#8221; custom_padding_tablet=&#8221;1rem||1rem||true|false&#8221; custom_padding_phone=&#8221;1rem||1rem||true|false&#8221; custom_padding_last_edited=&#8221;on|desktop&#8221; body_font_size_tablet=&#8221;1.1rem&#8221; body_font_size_phone=&#8221;1rem&#8221; body_font_size_last_edited=&#8221;on|desktop&#8221; global_colors_info=&#8221;{}&#8221; toggle_font_size=&#8221;1.8rem&#8221; closed_toggle_font_size=&#8221;1.5rem&#8221; toggle_font_size_tablet=&#8221;1.8rem&#8221; toggle_font_size_phone=&#8221;1.6rem&#8221; toggle_font_size_last_edited=&#8221;on|desktop&#8221; closed_toggle_font_size_tablet=&#8221;1.5rem&#8221; closed_toggle_font_size_phone=&#8221;1.3rem&#8221; closed_toggle_font_size_last_edited=&#8221;on|desktop&#8221; open=&#8221;off&#8221;]<\/p>\n<div><span><\/span><\/div>\n<div><span>We collaborate with Medical Finance. <\/span><\/div>\n<p>[\/et_pb_accordion_item][et_pb_accordion_item title=&#8221;What happens on the day of the surgery?&#8221; _builder_version=&#8221;4.23.1&#8243; _module_preset=&#8221;default&#8221; body_font=&#8221;|300|||||||&#8221; body_font_size=&#8221;1.1rem&#8221; custom_margin=&#8221;5px||0px||false|false&#8221; custom_padding=&#8221;1rem||1rem||true|false&#8221; custom_padding_tablet=&#8221;1rem||1rem||true|false&#8221; custom_padding_phone=&#8221;1rem||1rem||true|false&#8221; custom_padding_last_edited=&#8221;on|desktop&#8221; body_font_size_tablet=&#8221;1.1rem&#8221; body_font_size_phone=&#8221;1rem&#8221; body_font_size_last_edited=&#8221;on|desktop&#8221; global_colors_info=&#8221;{}&#8221; toggle_font_size=&#8221;1.8rem&#8221; closed_toggle_font_size=&#8221;1.5rem&#8221; toggle_font_size_tablet=&#8221;1.8rem&#8221; toggle_font_size_phone=&#8221;1.6rem&#8221; toggle_font_size_last_edited=&#8221;on|desktop&#8221; closed_toggle_font_size_tablet=&#8221;1.5rem&#8221; closed_toggle_font_size_phone=&#8221;1.3rem&#8221; closed_toggle_font_size_last_edited=&#8221;on|desktop&#8221; open=&#8221;off&#8221;]<\/p>\n<p style=\"font-weight: 400;\">If you are going to have surgery under anesthesia, you are welcomed to the clinic at R\u00f6sundav\u00e4gen 4 in Saltsj\u00f6baden at 07:00 in the morning, where a nurse will meet you. Once you arrive, you will be shown to your room where you can change before meeting your surgeon. Your surgeon will take pictures and review your planned surgery with you. After that, you can lie down and rest in a comfortable bed until it\u2019s your turn for the operation. After the surgery, you will stay in our recovery department until you feel well enough to move to our care department. In the care department, you will have access to staff who will help ensure you are as pain-free as possible while you rest and recover after your surgery.   <\/p>\n<p style=\"font-weight: 400;\"><strong> <\/strong><\/p>\n<p>[\/et_pb_accordion_item][et_pb_accordion_item title=&#8221;Should you prepare in any way before a surgery with you?&#8221; _builder_version=&#8221;4.23.1&#8243; _module_preset=&#8221;default&#8221; body_font=&#8221;|300|||||||&#8221; body_font_size=&#8221;1.1rem&#8221; custom_margin=&#8221;5px||0px||false|false&#8221; custom_padding=&#8221;1rem||1rem||true|false&#8221; custom_padding_tablet=&#8221;1rem||1rem||true|false&#8221; custom_padding_phone=&#8221;1rem||1rem||true|false&#8221; custom_padding_last_edited=&#8221;on|desktop&#8221; body_font_size_tablet=&#8221;1.1rem&#8221; body_font_size_phone=&#8221;1rem&#8221; body_font_size_last_edited=&#8221;on|desktop&#8221; global_colors_info=&#8221;{}&#8221; toggle_font_size=&#8221;1.8rem&#8221; closed_toggle_font_size=&#8221;1.5rem&#8221; toggle_font_size_tablet=&#8221;1.8rem&#8221; toggle_font_size_phone=&#8221;1.6rem&#8221; toggle_font_size_last_edited=&#8221;on|desktop&#8221; closed_toggle_font_size_tablet=&#8221;1.5rem&#8221; closed_toggle_font_size_phone=&#8221;1.3rem&#8221; closed_toggle_font_size_last_edited=&#8221;on|desktop&#8221; open=&#8221;off&#8221;]<\/p>\n<div><span>Yes, after you have scheduled a surgery appointment, one of our clinic coordinators will go through everything you need to know regarding preparations for your surgery. This conversation takes about 15-20 minutes, and you will also receive all the information in writing. It is important that you, as a patient, follow the recommendations provided during this conversation to achieve the best possible outcome.  <\/span><\/div>\n<div><\/div>\n<p>[\/et_pb_accordion_item][et_pb_accordion_item title=&#8221;Is there a 3D simulation available at Victoriakliniken?&#8221; _builder_version=&#8221;4.23.1&#8243; _module_preset=&#8221;default&#8221; body_font=&#8221;|300|||||||&#8221; body_font_size=&#8221;1.1rem&#8221; custom_margin=&#8221;5px||0px||false|false&#8221; custom_padding=&#8221;1rem||1rem||true|false&#8221; custom_padding_tablet=&#8221;1rem||1rem||true|false&#8221; custom_padding_phone=&#8221;1rem||1rem||true|false&#8221; custom_padding_last_edited=&#8221;on|desktop&#8221; body_font_size_tablet=&#8221;1.1rem&#8221; body_font_size_phone=&#8221;1rem&#8221; body_font_size_last_edited=&#8221;on|desktop&#8221; global_colors_info=&#8221;{}&#8221; toggle_font_size=&#8221;2.3rem&#8221; closed_toggle_font_size=&#8221;1.5rem&#8221; toggle_font_size_tablet=&#8221;1.8rem&#8221; toggle_font_size_phone=&#8221;1.6rem&#8221; toggle_font_size_last_edited=&#8221;on|desktop&#8221; closed_toggle_font_size_tablet=&#8221;1.5rem&#8221; closed_toggle_font_size_phone=&#8221;1.3rem&#8221; closed_toggle_font_size_last_edited=&#8221;on|desktop&#8221; open=&#8221;off&#8221;]<\/p>\n<p style=\"font-weight: 400;\">Yes, we offer all patients who are undergoing breast augmentation with implants a 3D simulation. However, it is important to keep in mind that it is only a simulation and that the final result may differ. The 3D simulation is free of charge. <\/p>\n<p>[\/et_pb_accordion_item][\/et_pb_accordion][\/et_pb_column][\/et_pb_row][\/et_pb_section]<\/p>\n","protected":false},"excerpt":{"rendered":"<p>FAQHere you can find answers to some frequently asked questions. You are, of course, welcome to contact us with your own questions! Frequently Asked Questions All surgical procedures come with risks. The most common are bleeding, infection, sensory changes, or visible scars. However, we have minimized these risks based on our established routines before, during, and after your surgery, drawing from the extensive experience of our surgeons. According to our doctors, the greatest risk is aesthetic: that patients may have unrealistic expectations. Therefore, the conversation between you as a patient and our surgeons is crucial. The art lies in finding a balance between your expectations and your biological conditions. If communication is clear and the bar is set at the right level, you will most likely be satisfied. For us at Victoriakliniken, patient safety and comfort are our top priorities; therefore, we have a follow-up and guarantee program. Moreover, the staff at the clinic are very experienced. During anesthesia, you are monitored by highly experienced thoracic anesthesiologists and anesthesia nurses who check your vitals using the latest anesthesia and monitoring equipment to ensure your well-being. After the surgery, you will usually stay overnight, and our nurses will continuously check that [&hellip;]<\/p>\n","protected":false},"author":1,"featured_media":0,"parent":0,"menu_order":0,"comment_status":"closed","ping_status":"closed","template":"","meta":{"_acf_changed":false,"_et_pb_use_builder":"on","_et_pb_old_content":"","_et_gb_content_width":"","footnotes":""},"class_list":["post-8708","page","type-page","status-publish","hentry"],"acf":[],"aioseo_notices":[],"_links":{"self":[{"href":"https:\/\/www.victoriakliniken.com\/en\/wp-json\/wp\/v2\/pages\/8708","targetHints":{"allow":["GET"]}}],"collection":[{"href":"https:\/\/www.victoriakliniken.com\/en\/wp-json\/wp\/v2\/pages"}],"about":[{"href":"https:\/\/www.victoriakliniken.com\/en\/wp-json\/wp\/v2\/types\/page"}],"author":[{"embeddable":true,"href":"https:\/\/www.victoriakliniken.com\/en\/wp-json\/wp\/v2\/users\/1"}],"replies":[{"embeddable":true,"href":"https:\/\/www.victoriakliniken.com\/en\/wp-json\/wp\/v2\/comments?post=8708"}],"version-history":[{"count":3,"href":"https:\/\/www.victoriakliniken.com\/en\/wp-json\/wp\/v2\/pages\/8708\/revisions"}],"predecessor-version":[{"id":16238,"href":"https:\/\/www.victoriakliniken.com\/en\/wp-json\/wp\/v2\/pages\/8708\/revisions\/16238"}],"wp:attachment":[{"href":"https:\/\/www.victoriakliniken.com\/en\/wp-json\/wp\/v2\/media?parent=8708"}],"curies":[{"name":"wp","href":"https:\/\/api.w.org\/{rel}","templated":true}]}}