{"id":9420,"date":"2023-10-03T14:02:59","date_gmt":"2023-10-03T14:02:59","guid":{"rendered":"https:\/\/www.victoriakliniken.com\/revok50\/"},"modified":"2026-05-01T04:47:48","modified_gmt":"2026-05-01T04:47:48","slug":"revok50","status":"publish","type":"page","link":"https:\/\/www.victoriakliniken.com\/en\/revok50\/","title":{"rendered":"Revok50"},"content":{"rendered":"<p>[et_pb_section fb_built=&#8221;1&#8243; specialty=&#8221;on&#8221; custom_padding_last_edited=&#8221;on|desktop&#8221; background_color_1=&#8221;RGBA(255,255,255,0)&#8221; background_color_2=&#8221;RGBA(255,255,255,0)&#8221; padding_top_1=&#8221;0px&#8221; padding_top_2=&#8221;0px&#8221; padding_bottom_1=&#8221;0px&#8221; padding_bottom_2=&#8221;0px&#8221; padding_top_bottom_link_1=&#8221;false&#8221; padding_top_bottom_link_2=&#8221;false&#8221; padding_left_right_link_1=&#8221;false&#8221; padding_left_right_link_2=&#8221;false&#8221; _builder_version=&#8221;4.22.2&#8243; _module_preset=&#8221;default&#8221; background_color=&#8221;#f6f4ef&#8221; custom_margin=&#8221;0px||0px||false|false&#8221; custom_padding=&#8221;4rem||4rem||false|false&#8221; custom_padding_tablet=&#8221;0rem||||false|false&#8221; custom_padding_phone=&#8221;0rem||||false|false&#8221; global_colors_info=&#8221;{}&#8221;][et_pb_column type=&#8221;1_2&#8243; specialty_columns=&#8221;2&#8243; _builder_version=&#8221;4.16&#8243; custom_padding=&#8221;|||&#8221; global_colors_info=&#8221;{}&#8221; custom_padding__hover=&#8221;|||&#8221;][et_pb_row_inner module_class=&#8221;pa-inline-buttons&#8221; _builder_version=&#8221;4.22.2&#8243; _module_preset=&#8221;default&#8221; custom_padding=&#8221;3px||2px|||&#8221; global_colors_info=&#8221;{}&#8221;][et_pb_column_inner saved_specialty_column_type=&#8221;1_2&#8243; _builder_version=&#8221;4.22.2&#8243; _module_preset=&#8221;default&#8221; global_colors_info=&#8221;{}&#8221;][et_pb_text _builder_version=&#8221;4.23.1&#8243; _module_preset=&#8221;default&#8221; header_text_color=&#8221;#000000&#8243; header_font_size=&#8221;3.5rem&#8221; max_width=&#8221;100%&#8221; max_width_tablet=&#8221;100%&#8221; max_width_phone=&#8221;100%&#8221; max_width_last_edited=&#8221;on|desktop&#8221; custom_padding=&#8221;5rem||||false|false&#8221; custom_padding_tablet=&#8221;4rem||||false|false&#8221; custom_padding_phone=&#8221;3rem||||false|false&#8221; custom_padding_last_edited=&#8221;on|desktop&#8221; header_font_size_tablet=&#8221;3.5rem&#8221; header_font_size_phone=&#8221;2.8rem&#8221; header_font_size_last_edited=&#8221;on|desktop&#8221; global_colors_info=&#8221;{}&#8221;]<\/p>\n<h1>Revok50<\/h1>\n<p>[\/et_pb_text][et_pb_text _builder_version=&#8221;4.23.1&#8243; _module_preset=&#8221;default&#8221; text_font=&#8221;|300|||||||&#8221; text_text_color=&#8221;#000000&#8243; text_font_size=&#8221;1.2rem&#8221; text_line_height=&#8221;1.8rem&#8221; width=&#8221;100%&#8221; width_tablet=&#8221;&#8221; width_phone=&#8221;100%&#8221; width_last_edited=&#8221;on|desktop&#8221; max_width=&#8221;100%&#8221; max_width_tablet=&#8221;100%&#8221; max_width_phone=&#8221;100%&#8221; max_width_last_edited=&#8221;on|desktop&#8221; text_font_size_tablet=&#8221;1.2rem&#8221; text_font_size_phone=&#8221;1rem&#8221; text_font_size_last_edited=&#8221;on|desktop&#8221; global_colors_info=&#8221;{}&#8221;]<\/p>\n<p>Revok50 is an intensive biostimulatory treatment consisting of high-molecular hyaluronic acid and a high dose of selected amino acids.<\/p>\n<p>[\/et_pb_text][et_pb_button button_url=&#8221;https:\/\/www.victoriakliniken.com\/en\/book-now\/&#8221; url_new_window=&#8221;on&#8221; button_text=&#8221;Book now&#8221; _builder_version=&#8221;4.22.2&#8243; _module_preset=&#8221;default&#8221; custom_button=&#8221;on&#8221; button_text_size=&#8221;1rem&#8221; button_text_color=&#8221;#000000&#8243; button_bg_color=&#8221;#e2dac7&#8243; button_border_width=&#8221;0px&#8221; button_border_color=&#8221;#383838&#8243; button_border_radius=&#8221;1px&#8221; button_font=&#8221;|300||on|||||&#8221; custom_margin=&#8221;||||false|false&#8221; custom_margin_tablet=&#8221;|20px|||false|false&#8221; custom_margin_phone=&#8221;|0px|||false|false&#8221; custom_margin_last_edited=&#8221;on|desktop&#8221; custom_padding=&#8221;||||false|false&#8221; button_text_size_tablet=&#8221;1rem&#8221; button_text_size_phone=&#8221;0.9rem&#8221; button_text_size_last_edited=&#8221;on|desktop&#8221; custom_css_before=&#8221;display: flex;&#8221; global_colors_info=&#8221;{}&#8221; custom_css_before_last_edited=&#8221;on|desktop&#8221; custom_css_before_tablet=&#8221;display: flex;&#8221; custom_css_before_phone=&#8221;display: flex;&#8221;][\/et_pb_button][et_pb_button button_url=&#8221;https:\/\/www.victoriakliniken.com\/en\/before-and-after-pictures\/&#8221; url_new_window=&#8221;on&#8221; button_text=&#8221;Before and after pictures&#8221; _builder_version=&#8221;4.22.2&#8243; _module_preset=&#8221;default&#8221; custom_button=&#8221;on&#8221; button_text_size=&#8221;1rem&#8221; button_text_color=&#8221;#000000&#8243; button_bg_color=&#8221;#e2dac7&#8243; button_border_width=&#8221;0px&#8221; button_border_color=&#8221;#383838&#8243; button_border_radius=&#8221;1px&#8221; button_font=&#8221;|300||on|||||&#8221; custom_margin=&#8221;|||1rem|false|false&#8221; custom_margin_tablet=&#8221;|||0.5rem|false|false&#8221; custom_margin_phone=&#8221;|||0.5rem|false|false&#8221; custom_margin_last_edited=&#8221;on|desktop&#8221; custom_padding=&#8221;|||0.8rem|false|false&#8221; button_text_size_tablet=&#8221;1rem&#8221; button_text_size_phone=&#8221;0.9rem&#8221; button_text_size_last_edited=&#8221;on|desktop&#8221; custom_css_before=&#8221;display: flex;&#8221; global_colors_info=&#8221;{}&#8221;][\/et_pb_button][\/et_pb_column_inner][\/et_pb_row_inner][\/et_pb_column][et_pb_column type=&#8221;1_2&#8243; _builder_version=&#8221;4.16&#8243; custom_padding=&#8221;|||&#8221; global_colors_info=&#8221;{}&#8221; custom_padding__hover=&#8221;|||&#8221;][et_pb_image src=&#8221;https:\/\/www.victoriakliniken.com\/wp-content\/uploads\/2023\/05\/Victoriakliniken_ansiktslyft-931&#215;1024-1.png&#8221; alt=&#8221;Victoriakliniken_ansiktslyft-931&#215;1024&#8243; title_text=&#8221;Victoriakliniken_ansiktslyft-931&#215;1024&#8243; align=&#8221;center&#8221; align_tablet=&#8221;left&#8221; align_phone=&#8221;center&#8221; align_last_edited=&#8221;on|desktop&#8221; _builder_version=&#8221;4.23.1&#8243; _module_preset=&#8221;default&#8221; background_color=&#8221;#000000&#8243; z_index=&#8221;5&#8243; max_width=&#8221;84%&#8221; max_width_tablet=&#8221;46%&#8221; max_width_phone=&#8221;100%&#8221; max_width_last_edited=&#8221;on|desktop&#8221; border_color_all=&#8221;#D3C4AD&#8221; box_shadow_style=&#8221;preset5&#8243; box_shadow_horizontal=&#8221;19px&#8221; box_shadow_vertical=&#8221;16px&#8221; box_shadow_spread=&#8221;7px&#8221; box_shadow_color=&#8221;#e2dac7&#8243; box_shadow_spread_tablet=&#8221;7px&#8221; box_shadow_spread_phone=&#8221;4px&#8221; box_shadow_spread_last_edited=&#8221;on|desktop&#8221; global_colors_info=&#8221;{}&#8221;][\/et_pb_image][\/et_pb_column][\/et_pb_section][et_pb_section fb_built=&#8221;1&#8243; custom_padding_last_edited=&#8221;on|desktop&#8221; _builder_version=&#8221;4.21.0&#8243; _module_preset=&#8221;default&#8221; custom_padding=&#8221;7rem||0rem||false|false&#8221; custom_padding_tablet=&#8221;5rem||0rem||false|false&#8221; custom_padding_phone=&#8221;3rem||0rem||false|false&#8221; global_colors_info=&#8221;{}&#8221;][et_pb_row _builder_version=&#8221;4.21.0&#8243; _module_preset=&#8221;default&#8221; custom_padding=&#8221;7px||1px|||&#8221; global_colors_info=&#8221;{}&#8221;][et_pb_column type=&#8221;4_4&#8243; _builder_version=&#8221;4.21.0&#8243; _module_preset=&#8221;default&#8221; global_colors_info=&#8221;{}&#8221;][et_pb_text _builder_version=&#8221;4.21.0&#8243; _module_preset=&#8221;default&#8221; header_2_font=&#8221;||on||||||&#8221; header_2_font_size=&#8221;2.7rem&#8221; custom_margin=&#8221;||17px|||&#8221; header_2_font_size_tablet=&#8221;&#8221; header_2_font_size_phone=&#8221;2.2rem&#8221; header_2_font_size_last_edited=&#8221;on|desktop&#8221; global_colors_info=&#8221;{}&#8221;]<\/p>\n<h2 class=\"text-block__item-title js-scroll-to-target active\" id=\"Operation\">How does the treatment work?<\/h2>\n<div class=\"text-block__item-content entry-content\"><\/div>\n<div class=\"text-block__item-content entry-content\"><\/div>\n<p>[\/et_pb_text][et_pb_text _builder_version=&#8221;4.22.2&#8243; _module_preset=&#8221;default&#8221; text_font=&#8221;|300|||||||&#8221; text_font_size=&#8221;1.2rem&#8221; text_line_height=&#8221;1.8rem&#8221; custom_margin=&#8221;||69px|||&#8221; text_font_size_tablet=&#8221;1.2rem&#8221; text_font_size_phone=&#8221;1rem&#8221; text_font_size_last_edited=&#8221;on|desktop&#8221; global_colors_info=&#8221;{}&#8221;]<\/p>\n<p>REVOK50 optimizes the skin&#8217;s function and structure, stimulating the fibroblasts to produce more collagen. The skin begins to repair itself and increases the production of collagen and elastin. Through the skin&#8217;s natural processes, more volume is created, resulting in healthier, stronger, and more resilient skin. The product is not a filler and does not remain in the skin. After approximately 12 hours, the product is absorbed into the tissue.    <\/p>\n<p><em>Den 1:a juli 2021 tr\u00e4dde \u00e4ntligen den nya lagen f\u00f6r estetiska, kirurgiska ingrepp och estetiska injektionsbehandlingar i kraft (L\u00e4s mer om lagen p\u00e5 riksdagens <span> <\/span><a title=\"https:\/\/www.riksdagen.se\/sv\/dokument-lagar\/dokument\/svensk-forfattningssamling\/lag-2021363-om-estetiska-kirurgiska-ingrepp_sfs-2021-363\" href=\"https:\/\/www.riksdagen.se\/sv\/dokument-lagar\/dokument\/svensk-forfattningssamling\/lag-2021363-om-estetiska-kirurgiska-ingrepp_sfs-2021-363\" data-ogsc=\"\">hemsida<\/a>)<\/em><\/p>\n<p>[\/et_pb_text][et_pb_text _builder_version=&#8221;4.21.0&#8243; _module_preset=&#8221;default&#8221; header_2_font=&#8221;||on||||||&#8221; header_2_font_size=&#8221;2.7rem&#8221; custom_margin=&#8221;||18px|||&#8221; header_2_font_size_tablet=&#8221;&#8221; header_2_font_size_phone=&#8221;2.2rem&#8221; header_2_font_size_last_edited=&#8221;on|desktop&#8221; global_colors_info=&#8221;{}&#8221;]<\/p>\n<h2 class=\"text-block__item-title js-scroll-to-target active\" id=\"Operation\">REVOK 50<\/h2>\n<div class=\"text-block__item-content entry-content\"><\/div>\n<div class=\"text-block__item-content entry-content\"><\/div>\n<p>[\/et_pb_text][et_pb_text _builder_version=&#8221;4.22.2&#8243; _module_preset=&#8221;default&#8221; text_font=&#8221;|300|||||||&#8221; text_font_size=&#8221;1.2rem&#8221; text_line_height=&#8221;1.8rem&#8221; custom_margin=&#8221;||-3px|||&#8221; text_font_size_tablet=&#8221;1.2rem&#8221; text_font_size_phone=&#8221;1rem&#8221; text_font_size_last_edited=&#8221;on|desktop&#8221; global_colors_info=&#8221;{}&#8221;]<\/p>\n<p>The treatment is suitable for those who want to prevent or improve dry\/dull skin, scars, fine lines, and volume loss. It can be used on the face, neck, d\u00e9colletage, arms, and hands. Revok50 delivers great results on its own but can also be combined with other complementary treatments where we want to stimulate the skin to repair itself, such as Dermapen and\/or chemical peels.  <\/p>\n<p>An initial course of 2-4 treatments with a 1-month interval is recommended. Some may need only 2 treatments, while others may require 4 for optimal results. After that, 1-2 maintenance treatments per year are recommended.  <\/p>\n<p>[\/et_pb_text][\/et_pb_column][\/et_pb_row][\/et_pb_section][et_pb_section fb_built=&#8221;1&#8243; custom_padding_last_edited=&#8221;on|desktop&#8221; _builder_version=&#8221;4.21.0&#8243; _module_preset=&#8221;default&#8221; custom_padding=&#8221;7rem||7rem||false|false&#8221; custom_padding_tablet=&#8221;5rem||5rem||false|false&#8221; custom_padding_phone=&#8221;3rem||3rem||false|false&#8221; global_colors_info=&#8221;{}&#8221;][et_pb_row _builder_version=&#8221;4.21.0&#8243; _module_preset=&#8221;default&#8221; custom_padding=&#8221;3px||1px|||&#8221; global_colors_info=&#8221;{}&#8221;][et_pb_column type=&#8221;4_4&#8243; _builder_version=&#8221;4.21.0&#8243; _module_preset=&#8221;default&#8221; global_colors_info=&#8221;{}&#8221;][et_pb_text _builder_version=&#8221;4.21.0&#8243; _module_preset=&#8221;default&#8221; header_2_font=&#8221;||on||||||&#8221; header_2_font_size=&#8221;2.7rem&#8221; custom_margin=&#8221;||-3px|||&#8221; custom_padding=&#8221;||17px|||&#8221; header_2_font_size_tablet=&#8221;&#8221; header_2_font_size_phone=&#8221;2.2rem&#8221; header_2_font_size_last_edited=&#8221;on|desktop&#8221; global_colors_info=&#8221;{}&#8221;]<\/p>\n<h2 class=\"accordion__title \">Price<\/h2>\n<p>[\/et_pb_text][et_pb_text _builder_version=&#8221;4.21.0&#8243; _module_preset=&#8221;default&#8221; text_font=&#8221;|300|||||||&#8221; text_font_size=&#8221;1.2rem&#8221; text_line_height=&#8221;1.8rem&#8221; custom_margin=&#8221;||41px|||&#8221; text_font_size_tablet=&#8221;1.2rem&#8221; text_font_size_phone=&#8221;1rem&#8221; text_font_size_last_edited=&#8221;on|desktop&#8221; global_colors_info=&#8221;{}&#8221;]<\/p>\n<p>We have chosen not to have a fixed price list, as each patient is unique with individual needs. In most cases, it\u2019s only during the consultation that we can determine, together with you, which procedure(s) will be best to achieve a beautiful final result.  With us, in addition to the surgery cost, anesthesia, medications, follow-up visits, compression garments, and bras are included, as well as, in most cases, at least one overnight stay after the surgery.<\/p>\n<p>In general, all prices are shown including VAT, as all procedures and treatments, except those performed for medical reasons, have been subject to VAT since the turn of the year 2014\/2015. In cases where the price is listed excluding VAT, it is because these procedures are always performed on a medical basis.  (Prices below include VAT)<\/p>\n<p>[\/et_pb_text][dsm_pricelist item_bottom_gap=&#8221;1rem&#8221; separator_weight=&#8221;1px&#8221; separator_color=&#8221;#383838&#8243; price_background_color=&#8221;RGBA(255,255,255,0)&#8221; item_bottom_gap_tablet=&#8221;1.4rem&#8221; item_bottom_gap_phone=&#8221;1.8rem&#8221; item_bottom_gap_last_edited=&#8221;on|desktop&#8221; _builder_version=&#8221;4.22.2&#8243; _module_preset=&#8221;default&#8221; header_font=&#8221;|600|||||||&#8221; header_font_size=&#8221;1.3rem&#8221; header_line_height=&#8221;1rem&#8221; content_font=&#8221;|300|||||||&#8221; content_font_size=&#8221;1rem&#8221; price_font=&#8221;|300|||||||&#8221; price_text_color=&#8221;#383838&#8243; price_font_size=&#8221;1.1rem&#8221; price_line_height=&#8221;1rem&#8221; custom_margin=&#8221;0px||0px||false|false&#8221; custom_padding=&#8221;0px||0px||false|false&#8221; header_font_size_tablet=&#8221;1.3rem&#8221; header_font_size_phone=&#8221;0.9rem&#8221; header_font_size_last_edited=&#8221;on|phone&#8221; content_font_size_tablet=&#8221;&#8221; content_font_size_phone=&#8221;0.8rem&#8221; content_font_size_last_edited=&#8221;on|desktop&#8221; price_font_size_tablet=&#8221;1.1rem&#8221; price_font_size_phone=&#8221;0.8rem&#8221; price_font_size_last_edited=&#8221;on|desktop&#8221; global_colors_info=&#8221;{}&#8221;][dsm_pricelist_child price=&#8221;3 500 SEK&#8221; title=&#8221;Revok50&#8243; _builder_version=&#8221;4.22.2&#8243; _module_preset=&#8221;default&#8221; global_colors_info=&#8221;{}&#8221;]<\/p>\n<p>1 treatment<\/p>\n<p>[\/dsm_pricelist_child][dsm_pricelist_child price=&#8221;6 000 SEK&#8221; title=&#8221;Revok50&#8243; _builder_version=&#8221;4.22.2&#8243; _module_preset=&#8221;default&#8221; global_colors_info=&#8221;{}&#8221;]<\/p>\n<p>2 treatments<\/p>\n<p>[\/dsm_pricelist_child][\/dsm_pricelist][et_pb_button button_url=&#8221;https:\/\/www.victoriakliniken.com\/en\/what-is-included\/&#8221; button_text=&#8221;Read more about what&apos;s included&#8221; _builder_version=&#8221;4.21.0&#8243; _module_preset=&#8221;default&#8221; custom_button=&#8221;on&#8221; button_text_size=&#8221;1rem&#8221; button_text_color=&#8221;#383838&#8243; button_bg_color=&#8221;RGBA(255,255,255,0)&#8221; button_border_width=&#8221;1px&#8221; button_border_radius=&#8221;1px&#8221; button_font=&#8221;|300||on|||||&#8221; custom_margin=&#8221;|||0px|false|false&#8221; button_text_size_tablet=&#8221;&#8221; button_text_size_phone=&#8221;0.9rem&#8221; button_text_size_last_edited=&#8221;on|desktop&#8221; global_colors_info=&#8221;{}&#8221;][\/et_pb_button][et_pb_icon font_icon=&#8221;&#x3c;||divi||400&#8243; icon_width=&#8221;28px&#8221; url=&#8221;https:\/\/www.victoriakliniken.com\/behandlingar\/&#8221; align=&#8221;left&#8221; _builder_version=&#8221;4.27.6&#8243; _module_preset=&#8221;default&#8221; custom_padding=&#8221;0rem||||false|false&#8221; custom_padding_tablet=&#8221;&#8221; custom_padding_phone=&#8221;&#8221; custom_padding_last_edited=&#8221;on|desktop&#8221; hover_enabled=&#8221;0&#8243; global_colors_info=&#8221;{}&#8221; sticky_enabled=&#8221;0&#8243;][\/et_pb_icon][\/et_pb_column][\/et_pb_row][\/et_pb_section]<\/p>\n","protected":false},"excerpt":{"rendered":"<p>Revok50Revok50 is an intensive biostimulatory treatment consisting of high-molecular hyaluronic acid and a high dose of selected amino acids.How does the treatment work? REVOK50 optimizes the skin&#8217;s function and structure, stimulating the fibroblasts to produce more collagen. The skin begins to repair itself and increases the production of collagen and elastin. Through the skin&#8217;s natural processes, more volume is created, resulting in healthier, stronger, and more resilient skin. The product is not a filler and does not remain in the skin. After approximately 12 hours, the product is absorbed into the tissue. Den 1:a juli 2021 tr\u00e4dde \u00e4ntligen den nya lagen f\u00f6r estetiska, kirurgiska ingrepp och estetiska injektionsbehandlingar i kraft (L\u00e4s mer om lagen p\u00e5 riksdagens hemsida)REVOK 50 The treatment is suitable for those who want to prevent or improve dry\/dull skin, scars, fine lines, and volume loss. It can be used on the face, neck, d\u00e9colletage, arms, and hands. Revok50 delivers great results on its own but can also be combined with other complementary treatments where we want to stimulate the skin to repair itself, such as Dermapen and\/or chemical peels. An initial course of 2-4 treatments with a 1-month interval is recommended. Some may need only 2 treatments, [&hellip;]<\/p>\n","protected":false},"author":1,"featured_media":0,"parent":0,"menu_order":0,"comment_status":"closed","ping_status":"closed","template":"","meta":{"_acf_changed":false,"_et_pb_use_builder":"on","_et_pb_old_content":"","_et_gb_content_width":"","footnotes":""},"class_list":["post-9420","page","type-page","status-publish","hentry"],"acf":[],"aioseo_notices":[],"_links":{"self":[{"href":"https:\/\/www.victoriakliniken.com\/en\/wp-json\/wp\/v2\/pages\/9420","targetHints":{"allow":["GET"]}}],"collection":[{"href":"https:\/\/www.victoriakliniken.com\/en\/wp-json\/wp\/v2\/pages"}],"about":[{"href":"https:\/\/www.victoriakliniken.com\/en\/wp-json\/wp\/v2\/types\/page"}],"author":[{"embeddable":true,"href":"https:\/\/www.victoriakliniken.com\/en\/wp-json\/wp\/v2\/users\/1"}],"replies":[{"embeddable":true,"href":"https:\/\/www.victoriakliniken.com\/en\/wp-json\/wp\/v2\/comments?post=9420"}],"version-history":[{"count":0,"href":"https:\/\/www.victoriakliniken.com\/en\/wp-json\/wp\/v2\/pages\/9420\/revisions"}],"wp:attachment":[{"href":"https:\/\/www.victoriakliniken.com\/en\/wp-json\/wp\/v2\/media?parent=9420"}],"curies":[{"name":"wp","href":"https:\/\/api.w.org\/{rel}","templated":true}]}}