{"id":9471,"date":"2023-07-03T11:48:47","date_gmt":"2023-07-03T11:48:47","guid":{"rendered":"https:\/\/www.victoriakliniken.com\/telomere-length-test\/"},"modified":"2024-11-12T19:16:58","modified_gmt":"2024-11-12T19:16:58","slug":"telomere-length-test","status":"publish","type":"page","link":"https:\/\/www.victoriakliniken.com\/en\/telomere-length-test\/","title":{"rendered":"Telomere Length Test"},"content":{"rendered":"<p>[et_pb_section fb_built=&#8221;1&#8243; specialty=&#8221;on&#8221; custom_padding_last_edited=&#8221;on|desktop&#8221; background_color_1=&#8221;RGBA(255,255,255,0)&#8221; background_color_2=&#8221;RGBA(255,255,255,0)&#8221; padding_top_1=&#8221;0px&#8221; padding_top_2=&#8221;0px&#8221; padding_bottom_1=&#8221;0px&#8221; padding_bottom_2=&#8221;0px&#8221; padding_top_bottom_link_1=&#8221;false&#8221; padding_top_bottom_link_2=&#8221;false&#8221; padding_left_right_link_1=&#8221;false&#8221; padding_left_right_link_2=&#8221;false&#8221; _builder_version=&#8221;4.22.2&#8243; _module_preset=&#8221;default&#8221; background_color=&#8221;#f6f4ef&#8221; custom_margin=&#8221;0px||0px||false|false&#8221; custom_padding=&#8221;4rem||4rem||false|false&#8221; custom_padding_tablet=&#8221;0rem||||false|false&#8221; custom_padding_phone=&#8221;0rem||||false|false&#8221; da_disable_devices=&#8221;off|off|off&#8221; global_colors_info=&#8221;{}&#8221; da_is_popup=&#8221;off&#8221; da_exit_intent=&#8221;off&#8221; da_has_close=&#8221;on&#8221; da_alt_close=&#8221;off&#8221; da_dark_close=&#8221;off&#8221; da_not_modal=&#8221;on&#8221; da_is_singular=&#8221;off&#8221; da_with_loader=&#8221;off&#8221; da_has_shadow=&#8221;on&#8221;][et_pb_column type=&#8221;1_2&#8243; specialty_columns=&#8221;2&#8243; _builder_version=&#8221;4.16&#8243; custom_padding=&#8221;|||&#8221; global_colors_info=&#8221;{}&#8221; custom_padding__hover=&#8221;|||&#8221;][et_pb_row_inner module_class=&#8221;pa-inline-buttons&#8221; _builder_version=&#8221;4.22.2&#8243; _module_preset=&#8221;default&#8221; custom_padding=&#8221;3px||2px|||&#8221; global_colors_info=&#8221;{}&#8221;][et_pb_column_inner saved_specialty_column_type=&#8221;1_2&#8243; _builder_version=&#8221;4.22.2&#8243; _module_preset=&#8221;default&#8221; global_colors_info=&#8221;{}&#8221;][et_pb_text _builder_version=&#8221;4.23.1&#8243; _module_preset=&#8221;default&#8221; header_text_color=&#8221;#000000&#8243; header_font_size=&#8221;3.5rem&#8221; max_width=&#8221;100%&#8221; max_width_tablet=&#8221;100%&#8221; max_width_phone=&#8221;100%&#8221; max_width_last_edited=&#8221;on|desktop&#8221; custom_padding=&#8221;3rem||||false|false&#8221; custom_padding_tablet=&#8221;4rem||||false|false&#8221; custom_padding_phone=&#8221;3rem||||false|false&#8221; custom_padding_last_edited=&#8221;on|desktop&#8221; header_font_size_tablet=&#8221;3.5rem&#8221; header_font_size_phone=&#8221;2.8rem&#8221; header_font_size_last_edited=&#8221;on|desktop&#8221; global_colors_info=&#8221;{}&#8221;]<\/p>\n<h1>Telomere Length Test<\/h1>\n<p>[\/et_pb_text][et_pb_text _builder_version=&#8221;4.23.1&#8243; _module_preset=&#8221;default&#8221; text_font=&#8221;|300|||||||&#8221; text_text_color=&#8221;#000000&#8243; text_font_size=&#8221;1.2rem&#8221; text_line_height=&#8221;1.8rem&#8221; width=&#8221;100%&#8221; width_tablet=&#8221;&#8221; width_phone=&#8221;100%&#8221; width_last_edited=&#8221;on|desktop&#8221; max_width=&#8221;100%&#8221; max_width_tablet=&#8221;100%&#8221; max_width_phone=&#8221;100%&#8221; max_width_last_edited=&#8221;on|desktop&#8221; text_font_size_tablet=&#8221;1.2rem&#8221; text_font_size_phone=&#8221;1rem&#8221; text_font_size_last_edited=&#8221;on|desktop&#8221; global_colors_info=&#8221;{}&#8221;]<\/p>\n<p>Analysis and intervention programs to slow cellular aging and detect metabolic disorders and chronic diseases related to telomere shortening.<\/p>\n<p>[\/et_pb_text][et_pb_button button_url=&#8221;https:\/\/www.victoriakliniken.com\/en\/book-now\/&#8221; url_new_window=&#8221;on&#8221; button_text=&#8221;Book now&#8221; _builder_version=&#8221;4.22.2&#8243; _module_preset=&#8221;default&#8221; custom_button=&#8221;on&#8221; button_text_size=&#8221;1rem&#8221; button_text_color=&#8221;#000000&#8243; button_bg_color=&#8221;#e2dac7&#8243; button_border_width=&#8221;0px&#8221; button_border_color=&#8221;#383838&#8243; button_border_radius=&#8221;1px&#8221; button_font=&#8221;|300||on|||||&#8221; custom_margin=&#8221;||||false|false&#8221; custom_margin_tablet=&#8221;|20px|||false|false&#8221; custom_margin_phone=&#8221;|0px|||false|false&#8221; custom_margin_last_edited=&#8221;on|desktop&#8221; custom_padding=&#8221;||||false|false&#8221; button_text_size_tablet=&#8221;1rem&#8221; button_text_size_phone=&#8221;0.9rem&#8221; button_text_size_last_edited=&#8221;on|desktop&#8221; custom_css_before=&#8221;display: flex;&#8221; global_colors_info=&#8221;{}&#8221; custom_css_before_last_edited=&#8221;on|desktop&#8221; custom_css_before_tablet=&#8221;display: flex;&#8221; custom_css_before_phone=&#8221;display: flex;&#8221;][\/et_pb_button][et_pb_button button_url=&#8221;https:\/\/www.victoriakliniken.com\/en\/before-and-after-pictures\/&#8221; url_new_window=&#8221;on&#8221; button_text=&#8221;Before and after pictures&#8221; _builder_version=&#8221;4.22.2&#8243; _module_preset=&#8221;default&#8221; custom_button=&#8221;on&#8221; button_text_size=&#8221;1rem&#8221; button_text_color=&#8221;#000000&#8243; button_bg_color=&#8221;#e2dac7&#8243; button_border_width=&#8221;0px&#8221; button_border_color=&#8221;#383838&#8243; button_border_radius=&#8221;1px&#8221; button_font=&#8221;|300||on|||||&#8221; custom_margin=&#8221;|||1rem|false|false&#8221; custom_margin_tablet=&#8221;|||0.5rem|false|false&#8221; custom_margin_phone=&#8221;|||0.5rem|false|false&#8221; custom_margin_last_edited=&#8221;on|desktop&#8221; custom_padding=&#8221;|||0.8rem|false|false&#8221; button_text_size_tablet=&#8221;1rem&#8221; button_text_size_phone=&#8221;0.9rem&#8221; button_text_size_last_edited=&#8221;on|desktop&#8221; custom_css_before=&#8221;display: flex;&#8221; global_colors_info=&#8221;{}&#8221;][\/et_pb_button][\/et_pb_column_inner][\/et_pb_row_inner][\/et_pb_column][et_pb_column type=&#8221;1_2&#8243; _builder_version=&#8221;4.16&#8243; custom_padding=&#8221;|||&#8221; global_colors_info=&#8221;{}&#8221; custom_padding__hover=&#8221;|||&#8221;][et_pb_image src=&#8221;https:\/\/www.victoriakliniken.com\/wp-content\/uploads\/2023\/07\/Victoriakliniken_CNA_test.png&#8221; alt=&#8221;Victoriakliniken_CNA_test&#8221; title_text=&#8221;Victoriakliniken_CNA_test&#8221; align=&#8221;center&#8221; align_tablet=&#8221;left&#8221; align_phone=&#8221;center&#8221; align_last_edited=&#8221;on|desktop&#8221; _builder_version=&#8221;4.23.1&#8243; _module_preset=&#8221;default&#8221; background_color=&#8221;#000000&#8243; z_index=&#8221;5&#8243; max_width=&#8221;100%&#8221; max_width_tablet=&#8221;57%&#8221; max_width_phone=&#8221;100%&#8221; max_width_last_edited=&#8221;on|desktop&#8221; border_color_all=&#8221;#D3C4AD&#8221; box_shadow_style=&#8221;preset5&#8243; box_shadow_horizontal=&#8221;19px&#8221; box_shadow_vertical=&#8221;16px&#8221; box_shadow_spread=&#8221;7px&#8221; box_shadow_color=&#8221;#e2dac7&#8243; box_shadow_spread_tablet=&#8221;7px&#8221; box_shadow_spread_phone=&#8221;4px&#8221; box_shadow_spread_last_edited=&#8221;on|desktop&#8221; global_colors_info=&#8221;{}&#8221;][\/et_pb_image][\/et_pb_column][\/et_pb_section][et_pb_section fb_built=&#8221;1&#8243; custom_padding_last_edited=&#8221;on|desktop&#8221; _builder_version=&#8221;4.21.0&#8243; _module_preset=&#8221;default&#8221; custom_padding=&#8221;7rem||0rem||false|false&#8221; custom_padding_tablet=&#8221;5rem||0rem||false|false&#8221; custom_padding_phone=&#8221;3rem||0rem||false|false&#8221; da_disable_devices=&#8221;off|off|off&#8221; global_colors_info=&#8221;{}&#8221; da_is_popup=&#8221;off&#8221; da_exit_intent=&#8221;off&#8221; da_has_close=&#8221;on&#8221; da_alt_close=&#8221;off&#8221; da_dark_close=&#8221;off&#8221; da_not_modal=&#8221;on&#8221; da_is_singular=&#8221;off&#8221; da_with_loader=&#8221;off&#8221; da_has_shadow=&#8221;on&#8221;][et_pb_row _builder_version=&#8221;4.21.0&#8243; _module_preset=&#8221;default&#8221; custom_padding=&#8221;||2px|||&#8221; global_colors_info=&#8221;{}&#8221;][et_pb_column type=&#8221;4_4&#8243; _builder_version=&#8221;4.21.0&#8243; _module_preset=&#8221;default&#8221; global_colors_info=&#8221;{}&#8221;][et_pb_text _builder_version=&#8221;4.21.0&#8243; _module_preset=&#8221;default&#8221; text_font=&#8221;||||||||&#8221; text_font_size=&#8221;1.2rem&#8221; text_line_height=&#8221;1.8rem&#8221; custom_margin=&#8221;||69px|||&#8221; text_font_size_tablet=&#8221;1.2rem&#8221; text_font_size_phone=&#8221;1rem&#8221; text_font_size_last_edited=&#8221;on|desktop&#8221; global_colors_info=&#8221;{}&#8221;]<\/p>\n<p>Telomeres are segments of DNA found at the ends of your chromosomes. They can shorten prematurely when exposed to environmental chemicals, oxidation, inflammation, and stress. This leads to DNA damage, contributing to early cell death.  <\/p>\n<p>Telomerer \u00e4r DNA-segment som finns i \u00e4ndarna av kromosomer och skyddar dem under celldelning. Forskning visar att f\u00f6rkortning av telomerer bidrar till cellul\u00e4rt \u00e5ldrande och \u00f6kar risken f\u00f6r metabola st\u00f6rningar och kroniska sjukdomar. Ett telomerl\u00e4ngd-test kan anv\u00e4ndas f\u00f6r att bed\u00f6ma denna risk och vidta \u00e5tg\u00e4rder f\u00f6r att bromsa f\u00f6rtida \u00e5ldrande.  <\/p>\n<p>[\/et_pb_text][et_pb_text _builder_version=&#8221;4.21.0&#8243; _module_preset=&#8221;default&#8221; header_2_font=&#8221;||on||||||&#8221; header_2_font_size=&#8221;2.7rem&#8221; min_height=&#8221;45.2px&#8221; custom_margin=&#8221;||1px|||&#8221; header_2_font_size_tablet=&#8221;&#8221; header_2_font_size_phone=&#8221;2.2rem&#8221; header_2_font_size_last_edited=&#8221;on|desktop&#8221; global_colors_info=&#8221;{}&#8221;]<\/p>\n<h2>Inflammation and aging are closely linked to telomere length.<\/h2>\n<p>[\/et_pb_text][et_pb_text _builder_version=&#8221;4.22.2&#8243; _module_preset=&#8221;default&#8221; text_font=&#8221;|300|||||||&#8221; text_font_size=&#8221;1.2rem&#8221; text_line_height=&#8221;1.8rem&#8221; ul_line_height=&#8221;2rem&#8221; custom_margin=&#8221;||-3px|||&#8221; custom_padding=&#8221;||70px|||&#8221; text_font_size_tablet=&#8221;1.2rem&#8221; text_font_size_phone=&#8221;1rem&#8221; text_font_size_last_edited=&#8221;on|desktop&#8221; global_colors_info=&#8221;{}&#8221;]<\/p>\n<p>Many inflammations are associated with aging and telomere shortening. Telomeres become shorter with each cell division until eventually the chromosomal DNA reaches a critical point where the cell can no longer divide (known as the Hayflick limit). The loss of this protective telomere &#8220;armor&#8221; makes your DNA vulnerable to damage and can increase the risk of accelerated aging and related health conditions. If telomere length is maintained, the cessation of cell division (aging) and programmed cell death (apoptosis) can be delayed.  <\/p>\n<p>The test analyzes your average telomere length in white blood cells compared to the normal reference range for your age-matched population.<\/p>\n<p>[\/et_pb_text][et_pb_text _builder_version=&#8221;4.22.2&#8243; _module_preset=&#8221;default&#8221; header_2_font=&#8221;||on||||||&#8221; header_2_font_size=&#8221;2.7rem&#8221; header_4_font_size=&#8221;2rem&#8221; min_height=&#8221;45.2px&#8221; custom_margin=&#8221;||-2px|||&#8221; header_2_font_size_tablet=&#8221;&#8221; header_2_font_size_phone=&#8221;2.2rem&#8221; header_2_font_size_last_edited=&#8221;on|desktop&#8221; header_4_font_size_tablet=&#8221;2rem&#8221; header_4_font_size_phone=&#8221;1.8rem&#8221; header_4_font_size_last_edited=&#8221;on|desktop&#8221; global_colors_info=&#8221;{}&#8221;]<\/p>\n<h4><em>iseases and conditions related to telomere length<\/em><\/h4>\n<p>[\/et_pb_text][et_pb_text _builder_version=&#8221;4.22.2&#8243; _module_preset=&#8221;default&#8221; text_font=&#8221;|300|||||||&#8221; text_font_size=&#8221;1.2rem&#8221; text_line_height=&#8221;1.8rem&#8221; ul_line_height=&#8221;2rem&#8221; custom_margin=&#8221;||-3px|||&#8221; custom_padding=&#8221;||0px|||&#8221; text_font_size_tablet=&#8221;1.2rem&#8221; text_font_size_phone=&#8221;1rem&#8221; text_font_size_last_edited=&#8221;on|desktop&#8221; global_colors_info=&#8221;{}&#8221;]<\/p>\n<p>Shorter telomeres have been linked to cardiovascular diseases, inflammatory diseases, metabolic syndrome, diabetes, cognitive impairment, and other chronic degenerative conditions associated with aging.<\/p>\n<ul>\n<li><strong>Neurological<\/strong> <strong>conditions<\/strong> such as cognitive impairment and chronic stress<\/li>\n<li><strong>Metabolic <\/strong><strong>diseases <\/strong>such as diabetes, glucose intolerance, and obesity<\/li>\n<li><strong>Cardiovascular<\/strong> <strong>diseases<\/strong> such as atherosclerosis and coronary artery disease<\/li>\n<li><strong>Musculoskeletal<\/strong> <strong>diseases <\/strong>such as osteoarthritis, rheumatoid arthritis.<\/li>\n<li><strong>Immun-related diseases<\/strong> such as hepatitis C, cancer, autoimmune disorders.<\/li>\n<\/ul>\n<p>[\/et_pb_text][\/et_pb_column][\/et_pb_row][\/et_pb_section][et_pb_section fb_built=&#8221;1&#8243; custom_padding_last_edited=&#8221;on|desktop&#8221; _builder_version=&#8221;4.21.0&#8243; _module_preset=&#8221;default&#8221; custom_padding=&#8221;7rem||7rem||false|false&#8221; custom_padding_tablet=&#8221;5rem||5rem||false|false&#8221; custom_padding_phone=&#8221;3rem||3rem||false|false&#8221; da_disable_devices=&#8221;off|off|off&#8221; global_colors_info=&#8221;{}&#8221; da_is_popup=&#8221;off&#8221; da_exit_intent=&#8221;off&#8221; da_has_close=&#8221;on&#8221; da_alt_close=&#8221;off&#8221; da_dark_close=&#8221;off&#8221; da_not_modal=&#8221;on&#8221; da_is_singular=&#8221;off&#8221; da_with_loader=&#8221;off&#8221; da_has_shadow=&#8221;on&#8221;][et_pb_row _builder_version=&#8221;4.21.0&#8243; _module_preset=&#8221;default&#8221; custom_padding=&#8221;3px|||||&#8221; global_colors_info=&#8221;{}&#8221;][et_pb_column type=&#8221;4_4&#8243; _builder_version=&#8221;4.21.0&#8243; _module_preset=&#8221;default&#8221; global_colors_info=&#8221;{}&#8221;][et_pb_text _builder_version=&#8221;4.21.0&#8243; _module_preset=&#8221;default&#8221; header_2_font=&#8221;||on||||||&#8221; header_2_font_size=&#8221;2.7rem&#8221; custom_margin=&#8221;||-3px|||&#8221; custom_padding=&#8221;||0px|||&#8221; header_2_font_size_tablet=&#8221;&#8221; header_2_font_size_phone=&#8221;2.2rem&#8221; header_2_font_size_last_edited=&#8221;on|desktop&#8221; global_colors_info=&#8221;{}&#8221;]<\/p>\n<h2 class=\"accordion__title \">Price<\/h2>\n<p>[\/et_pb_text][et_pb_text _builder_version=&#8221;4.21.0&#8243; _module_preset=&#8221;default&#8221; text_font=&#8221;|300|||||||&#8221; text_font_size=&#8221;1.2rem&#8221; text_line_height=&#8221;1.8rem&#8221; custom_margin=&#8221;||41px|||&#8221; text_font_size_tablet=&#8221;1.2rem&#8221; text_font_size_phone=&#8221;1rem&#8221; text_font_size_last_edited=&#8221;on|desktop&#8221; global_colors_info=&#8221;{}&#8221;]<\/p>\n<p>We have chosen not to have a fixed price list, as each patient is unique with individual needs. In most cases, it\u2019s only during the consultation that we can determine, together with you, which procedure(s) will be best to achieve a beautiful final result.  With us, in addition to the surgery cost, anesthesia, medications, follow-up visits, compression garments, and bras are included, as well as, in most cases, at least one overnight stay after the surgery.<\/p>\n<p>In general, all prices are shown including VAT, as all procedures and treatments, except those performed for medical reasons, have been subject to VAT since the turn of the year 2014\/2015. In cases where the price is listed excluding VAT, it is because these procedures are always performed on a medical basis.  (Prices below include VAT)<\/p>\n<p>[\/et_pb_text][dsm_pricelist item_bottom_gap=&#8221;1rem&#8221; separator_weight=&#8221;1px&#8221; separator_color=&#8221;#383838&#8243; price_background_color=&#8221;RGBA(255,255,255,0)&#8221; item_bottom_gap_tablet=&#8221;1.4rem&#8221; item_bottom_gap_phone=&#8221;1.8rem&#8221; item_bottom_gap_last_edited=&#8221;on|desktop&#8221; _builder_version=&#8221;4.22.2&#8243; _module_preset=&#8221;default&#8221; header_font=&#8221;|600|||||||&#8221; header_font_size=&#8221;1.3rem&#8221; header_line_height=&#8221;1rem&#8221; content_font=&#8221;|300|||||||&#8221; content_font_size=&#8221;1rem&#8221; price_font=&#8221;|300|||||||&#8221; price_text_color=&#8221;#383838&#8243; price_font_size=&#8221;1.1rem&#8221; price_line_height=&#8221;1rem&#8221; custom_margin=&#8221;0px||0px||false|false&#8221; custom_padding=&#8221;0px||0px||false|false&#8221; header_font_size_tablet=&#8221;1.3rem&#8221; header_font_size_phone=&#8221;0.9rem&#8221; header_font_size_last_edited=&#8221;on|phone&#8221; content_font_size_tablet=&#8221;&#8221; content_font_size_phone=&#8221;0.8rem&#8221; content_font_size_last_edited=&#8221;on|desktop&#8221; price_font_size_tablet=&#8221;1.1rem&#8221; price_font_size_phone=&#8221;0.8rem&#8221; price_font_size_last_edited=&#8221;on|desktop&#8221; global_colors_info=&#8221;{}&#8221;][dsm_pricelist_child price=&#8221;1 500 SEK&#8221; title=&#8221;Consultation&#8221; _builder_version=&#8221;4.22.2&#8243; _module_preset=&#8221;default&#8221; global_colors_info=&#8221;{}&#8221;][\/dsm_pricelist_child][dsm_pricelist_child price=&#8221;4,190 SEK&#8221; title=&#8221;Telomere Length Test&#8221; _builder_version=&#8221;4.22.2&#8243; _module_preset=&#8221;default&#8221; global_colors_info=&#8221;{}&#8221;][\/dsm_pricelist_child][dsm_pricelist_child price=&#8221;3 190 SEK&#8221; title=&#8221;Addition&#8221; _builder_version=&#8221;4.22.2&#8243; _module_preset=&#8221;default&#8221; global_colors_info=&#8221;{}&#8221;][\/dsm_pricelist_child][\/dsm_pricelist][et_pb_icon font_icon=&#8221;&#x3c;||divi||400&#8243; icon_width=&#8221;28px&#8221; url=&#8221;https:\/\/www.victoriakliniken.com\/behandlingar&#8221; align=&#8221;left&#8221; _builder_version=&#8221;4.21.0&#8243; _module_preset=&#8221;default&#8221; custom_padding=&#8221;0rem||||false|false&#8221; custom_padding_tablet=&#8221;&#8221; custom_padding_phone=&#8221;&#8221; custom_padding_last_edited=&#8221;on|desktop&#8221; global_colors_info=&#8221;{}&#8221;][\/et_pb_icon][\/et_pb_column][\/et_pb_row][\/et_pb_section]<\/p>\n","protected":false},"excerpt":{"rendered":"<p>Telomere Length TestAnalysis and intervention programs to slow cellular aging and detect metabolic disorders and chronic diseases related to telomere shortening.Telomeres are segments of DNA found at the ends of your chromosomes. They can shorten prematurely when exposed to environmental chemicals, oxidation, inflammation, and stress. This leads to DNA damage, contributing to early cell death. Telomerer \u00e4r DNA-segment som finns i \u00e4ndarna av kromosomer och skyddar dem under celldelning. Forskning visar att f\u00f6rkortning av telomerer bidrar till cellul\u00e4rt \u00e5ldrande och \u00f6kar risken f\u00f6r metabola st\u00f6rningar och kroniska sjukdomar. Ett telomerl\u00e4ngd-test kan anv\u00e4ndas f\u00f6r att bed\u00f6ma denna risk och vidta \u00e5tg\u00e4rder f\u00f6r att bromsa f\u00f6rtida \u00e5ldrande. Inflammation and aging are closely linked to telomere length.Many inflammations are associated with aging and telomere shortening. Telomeres become shorter with each cell division until eventually the chromosomal DNA reaches a critical point where the cell can no longer divide (known as the Hayflick limit). The loss of this protective telomere &#8220;armor&#8221; makes your DNA vulnerable to damage and can increase the risk of accelerated aging and related health conditions. If telomere length is maintained, the cessation of cell division (aging) and programmed cell death (apoptosis) can be delayed. The test analyzes your average telomere [&hellip;]<\/p>\n","protected":false},"author":16,"featured_media":0,"parent":0,"menu_order":0,"comment_status":"closed","ping_status":"closed","template":"","meta":{"_acf_changed":false,"_et_pb_use_builder":"on","_et_pb_old_content":"","_et_gb_content_width":"","footnotes":""},"class_list":["post-9471","page","type-page","status-publish","hentry"],"acf":[],"aioseo_notices":[],"_links":{"self":[{"href":"https:\/\/www.victoriakliniken.com\/en\/wp-json\/wp\/v2\/pages\/9471","targetHints":{"allow":["GET"]}}],"collection":[{"href":"https:\/\/www.victoriakliniken.com\/en\/wp-json\/wp\/v2\/pages"}],"about":[{"href":"https:\/\/www.victoriakliniken.com\/en\/wp-json\/wp\/v2\/types\/page"}],"author":[{"embeddable":true,"href":"https:\/\/www.victoriakliniken.com\/en\/wp-json\/wp\/v2\/users\/16"}],"replies":[{"embeddable":true,"href":"https:\/\/www.victoriakliniken.com\/en\/wp-json\/wp\/v2\/comments?post=9471"}],"version-history":[{"count":0,"href":"https:\/\/www.victoriakliniken.com\/en\/wp-json\/wp\/v2\/pages\/9471\/revisions"}],"wp:attachment":[{"href":"https:\/\/www.victoriakliniken.com\/en\/wp-json\/wp\/v2\/media?parent=9471"}],"curies":[{"name":"wp","href":"https:\/\/api.w.org\/{rel}","templated":true}]}}